{"id":258,"date":"2017-07-03T14:52:20","date_gmt":"2017-07-03T12:52:20","guid":{"rendered":"http:\/\/psychologue-formateur.com\/sitepsychologue\/?page_id=258"},"modified":"2018-04-23T13:22:21","modified_gmt":"2018-04-23T11:22:21","slug":"hypnose","status":"publish","type":"page","link":"http:\/\/psychologue-formateur.com\/index.php\/hypnose\/","title":{"rendered":"Hypnose"},"content":{"rendered":"<section class=\"fw-main-row  \">\r\n\t<span class=\"bg-image-overlay\" style=\"\"><\/span>\r\n\t<div class=\"fw-container unyson_content\">\r\n\t\t\t\t<div class=\"fw-row\">\n\t<div class=\"fw-col-xs-12 \">\r\n\t<p><link href=\"http:\/\/fonts.googleapis.com\/css?family=Open+Sans:800%2C700\" rel=\"stylesheet\" property=\"stylesheet\" type=\"text\/css\" media=\"all\"\/>\n<div id=\"rev_slider_24_1_wrapper\" class=\"rev_slider_wrapper fullscreen-container\" data-source=\"gallery\" style=\"background:transparent;padding:0px;\">\n<!-- START REVOLUTION SLIDER 5.4.8.3 fullscreen mode -->\n\t<div id=\"rev_slider_24_1\" class=\"rev_slider fullscreenbanner\" style=\"display:none;\" data-version=\"5.4.8.3\">\n<ul>\t<!-- SLIDE  -->\n\t<li data-index=\"rs-104\" data-transition=\"slideoverup\" data-slotamount=\"7\" data-hideafterloop=\"0\" data-hideslideonmobile=\"off\"  data-easein=\"default\" data-easeout=\"default\" data-masterspeed=\"13550\"  data-delay=\"13580\"  data-rotate=\"0\"  data-saveperformance=\"off\"  data-title=\"Hypnose\" data-param1=\"\" data-param2=\"\" data-param3=\"\" data-param4=\"\" data-param5=\"\" data-param6=\"\" data-param7=\"\" data-param8=\"\" data-param9=\"\" data-param10=\"\" data-description=\"\">\n\t\t<!-- MAIN IMAGE -->\n\t\t<img src=\"http:\/\/psychologue-formateur.com\/wp-content\/uploads\/2017\/07\/eyes-586849_1920.jpg\"  alt=\"\" title=\"eyes-586849_1920\"  width=\"1920\" height=\"822\" data-bgposition=\"right center\" data-kenburns=\"on\" data-duration=\"30000\" data-ease=\"Power1.easeOut\" data-scalestart=\"130\" data-scaleend=\"100\" data-rotatestart=\"0\" data-rotateend=\"0\" data-blurstart=\"0\" data-blurend=\"0\" data-offsetstart=\"0 0\" data-offsetend=\"0 0\" class=\"rev-slidebg\" data-no-retina\/>\n\t\t<!-- LAYERS -->\n\n\t\t<!-- LAYER NR. 1 -->\n\t\t<div class=\"tp-caption large_bold_white   tp-resizeme\" \n\t\t\t id=\"slide-104-layer-8\" \n\t\t\t data-x=\"['left','left','left','left']\" data-hoffset=\"['5','23','27','9']\" \n\t\t\t data-y=\"['top','top','top','top']\" data-voffset=\"['118','118','73','63']\" \n\t\t\t\t\t\tdata-fontsize=\"['58','58','40','30']\"\n\t\t\tdata-width=\"['none','none','697','446']\"\n\t\t\tdata-height=\"['none','none','none','61']\"\n\t\t\tdata-whitespace=\"['nowrap','nowrap','normal','normal']\"\n \n\t\t\tdata-type=\"text\" \n\t\t\tdata-responsive_offset=\"on\" \n\n\t\t\tdata-frames='[{\"delay\":569.99969482422,\"speed\":12630,\"frame\":\"0\",\"from\":\"z:0;rX:0;rY:0;rZ:0;sX:0.9;sY:0.9;skX:0;skY:0;opacity:0;\",\"to\":\"o:1;\",\"ease\":\"Power3.easeInOut\"},{\"delay\":\"wait\",\"speed\":8000,\"frame\":\"999\",\"to\":\"opacity:0;\",\"ease\":\"Power3.easeInOut\"}]'\n\t\t\tdata-textAlign=\"['inherit','inherit','inherit','inherit']\"\n\t\t\tdata-paddingtop=\"[0,0,0,0]\"\n\t\t\tdata-paddingright=\"[0,0,0,0]\"\n\t\t\tdata-paddingbottom=\"[0,0,0,0]\"\n\t\t\tdata-paddingleft=\"[0,0,0,0]\"\n\n\t\t\tstyle=\"z-index: 5; white-space: nowrap; color: #000000; letter-spacing: 0px;\">\n  L\u2019HYPNOSE ERICKSONIENNE \n <\/div>\n\n\t\t<!-- LAYER NR. 2 -->\n\t\t<div class=\"tp-caption tp-shape tp-shapewrapper  tp-resizeme\" \n\t\t\t id=\"slide-104-layer-10\" \n\t\t\t data-x=\"['left','left','left','left']\" data-hoffset=\"['9','81','6','12']\" \n\t\t\t data-y=\"['top','top','top','top']\" data-voffset=\"['233','213','182','124']\" \n\t\t\t\t\t\tdata-width=\"['1103','772','772','461']\"\n\t\t\tdata-height=\"['337','447','447','673']\"\n\t\t\tdata-whitespace=\"nowrap\"\n \n\t\t\tdata-type=\"shape\" \n\t\t\tdata-responsive_offset=\"on\" \n\n\t\t\tdata-frames='[{\"delay\":569.99969482422,\"speed\":12640,\"frame\":\"0\",\"from\":\"y:[-100%];z:0;rX:0deg;rY:0;rZ:0;sX:1;sY:1;skX:0;skY:0;\",\"mask\":\"x:0px;y:0px;s:inherit;e:inherit;\",\"to\":\"o:1;\",\"ease\":\"Power3.easeInOut\"},{\"delay\":\"wait\",\"speed\":8000,\"frame\":\"999\",\"to\":\"opacity:0;\",\"ease\":\"Power3.easeInOut\"}]'\n\t\t\tdata-textAlign=\"['inherit','inherit','inherit','inherit']\"\n\t\t\tdata-paddingtop=\"[0,0,0,0]\"\n\t\t\tdata-paddingright=\"[0,0,0,0]\"\n\t\t\tdata-paddingbottom=\"[0,0,0,0]\"\n\t\t\tdata-paddingleft=\"[0,0,0,0]\"\n\n\t\t\tstyle=\"z-index: 6;background-color:rgba(255,255,255,0.37);border-radius:50px 50px 50px 50px;\"> <\/div>\n\n\t\t<!-- LAYER NR. 3 -->\n\t\t<div class=\"tp-caption mediumlarge_light_white_center   tp-resizeme\" \n\t\t\t id=\"slide-104-layer-7\" \n\t\t\t data-x=\"['left','left','left','left']\" data-hoffset=\"['19','117','50','29']\" \n\t\t\t data-y=\"['top','top','top','top']\" data-voffset=\"['265','210','187','115']\" \n\t\t\t\t\t\tdata-fontsize=\"['30','30','30','20']\"\n\t\t\tdata-width=\"['1104','681','681','422']\"\n\t\t\tdata-height=\"none\"\n\t\t\tdata-whitespace=\"normal\"\n \n\t\t\tdata-type=\"text\" \n\t\t\tdata-responsive_offset=\"on\" \n\n\t\t\tdata-frames='[{\"delay\":1529.9996948242,\"speed\":11680,\"frame\":\"0\",\"from\":\"y:[-100%];z:0;rX:0deg;rY:0;rZ:0;sX:1;sY:1;skX:0;skY:0;\",\"mask\":\"x:0px;y:0px;s:inherit;e:inherit;\",\"to\":\"o:1;\",\"ease\":\"Power3.easeInOut\"},{\"delay\":\"wait\",\"speed\":8000,\"frame\":\"999\",\"to\":\"opacity:0;\",\"ease\":\"Power3.easeInOut\"}]'\n\t\t\tdata-textAlign=\"['center','center','center','center']\"\n\t\t\tdata-paddingtop=\"[0,0,0,0]\"\n\t\t\tdata-paddingright=\"[0,0,0,0]\"\n\t\t\tdata-paddingbottom=\"[0,0,0,0]\"\n\t\t\tdata-paddingleft=\"[0,0,0,0]\"\n\n\t\t\tstyle=\"z-index: 7; min-width: 1104px; max-width: 1104px; white-space: normal; font-size: 30px; font-weight: 700; color: #000000; letter-spacing: 5px;font-family:Open Sans;\">\n \n\nL\u2019hypnose ericksonienne induit un \u00e9tat de l\u00e9g\u00e8re modification de la conscience dans lequel le patient peut orienter son attention vers un but sp\u00e9cifique. Cette technique, cr\u00e9\u00e9e par le psychiatre am\u00e9ricain Milton H. Erickson, est r\u00e9put\u00e9e pour son action sur les phobies, les d\u00e9pendances ( addiction au tabac, d\u00e9pendance \u00e0 la nourriture, ...) et la douleur. <\/div>\n\t<\/li>\n<\/ul>\n<div class=\"tp-bannertimer tp-bottom\" style=\"visibility: hidden !important;\"><\/div>\t<\/div>\n<script>var htmlDiv = document.getElementById(\"rs-plugin-settings-inline-css\"); var htmlDivCss=\".tp-caption.large_bold_white,.large_bold_white{font-size:58px;line-height:60px;font-weight:800;font-family:\\\"Open Sans\\\";color:rgb(255,255,255);text-decoration:none;background-color:transparent;border-width:0px;border-color:rgb(255,214,88);border-style:none}.tp-caption.mediumlarge_light_white_center,.mediumlarge_light_white_center{font-size:34px;line-height:40px;font-weight:300;font-family:\\\"Open Sans\\\";color:#ffffff;text-decoration:none;background-color:transparent;border-width:0px;border-color:rgb(255,214,88);border-style:none}\";\r\n\t\t\t\tif(htmlDiv) {\r\n\t\t\t\t\thtmlDiv.innerHTML = htmlDiv.innerHTML + htmlDivCss;\r\n\t\t\t\t}else{\r\n\t\t\t\t\tvar htmlDiv = document.createElement(\"div\");\r\n\t\t\t\t\thtmlDiv.innerHTML = \"<style>\" + htmlDivCss + \"<\/style>\";\r\n\t\t\t\t\tdocument.getElementsByTagName(\"head\")[0].appendChild(htmlDiv.childNodes[0]);\r\n\t\t\t\t}\r\n\t\t\t<\/script>\n\t\t<script type=\"text\/javascript\">\r\nif (setREVStartSize!==undefined) setREVStartSize(\r\n\t{c: '#rev_slider_24_1', responsiveLevels: [1240,1024,778,480], gridwidth: [1240,1024,778,480], gridheight: [868,768,960,720], sliderLayout: 'fullscreen', fullScreenAutoWidth:'off', fullScreenAlignForce:'off', fullScreenOffsetContainer:'', fullScreenOffset:''});\r\n\t\t\t\r\nvar revapi24,\r\n\ttpj;\t\r\n(function() {\t\t\t\r\n\tif (!\/loaded|interactive|complete\/.test(document.readyState)) document.addEventListener(\"DOMContentLoaded\",onLoad); else onLoad();\t\r\n\tfunction onLoad() {\t\t\t\t\r\n\t\tif (tpj===undefined) { tpj = jQuery; if(\"off\" == \"on\") tpj.noConflict();}\r\n\tif(tpj(\"#rev_slider_24_1\").revolution == undefined){\n\t\trevslider_showDoubleJqueryError(\"#rev_slider_24_1\");\n\t}else{\n\t\trevapi24 = tpj(\"#rev_slider_24_1\").show().revolution({\n\t\t\tsliderType:\"standard\",\n\t\t\tjsFileLocation:\"\/\/psychologue-formateur.com\/wp-content\/plugins\/revslider\/public\/assets\/js\/\",\n\t\t\tsliderLayout:\"fullscreen\",\n\t\t\tdottedOverlay:\"none\",\n\t\t\tdelay:9000,\n\t\t\tnavigation: {\n\t\t\t\tonHoverStop:\"off\",\n\t\t\t},\n\t\t\tresponsiveLevels:[1240,1024,778,480],\n\t\t\tvisibilityLevels:[1240,1024,778,480],\n\t\t\tgridwidth:[1240,1024,778,480],\n\t\t\tgridheight:[868,768,960,720],\n\t\t\tlazyType:\"none\",\n\t\t\tshadow:0,\n\t\t\tspinner:\"spinner0\",\n\t\t\tstopLoop:\"off\",\n\t\t\tstopAfterLoops:-1,\n\t\t\tstopAtSlide:-1,\n\t\t\tshuffle:\"off\",\n\t\t\tautoHeight:\"off\",\n\t\t\tfullScreenAutoWidth:\"off\",\n\t\t\tfullScreenAlignForce:\"off\",\n\t\t\tfullScreenOffsetContainer: \"\",\n\t\t\tfullScreenOffset: \"\",\n\t\t\tdisableProgressBar:\"on\",\n\t\t\thideThumbsOnMobile:\"off\",\n\t\t\thideSliderAtLimit:0,\n\t\t\thideCaptionAtLimit:0,\n\t\t\thideAllCaptionAtLilmit:0,\n\t\t\tdebugMode:false,\n\t\t\tfallbacks: {\n\t\t\t\tsimplifyAll:\"off\",\n\t\t\t\tnextSlideOnWindowFocus:\"off\",\n\t\t\t\tdisableFocusListener:false,\n\t\t\t}\n\t\t});\n\t}; \/* END OF revapi call *\/\n\t\n }; \/* END OF ON LOAD FUNCTION *\/\r\n}()); \/* END OF WRAPPING FUNCTION *\/\r\n<\/script>\r\n\t\t<\/div><!-- END REVOLUTION SLIDER --><\/p><\/div>\r\n<\/div>\n\n\t\t\t<\/div>\r\n<\/section>\r\n\n","protected":false},"excerpt":{"rendered":"<p>L\u2019HYPNOSE ERICKSONIENNE L\u2019hypnose ericksonienne induit un \u00e9tat de l\u00e9g\u00e8re modification de la conscience dans lequel le patient peut orienter son attention vers un but sp\u00e9cifique. Cette technique, cr\u00e9\u00e9e par le psychiatre am\u00e9ricain Milton H. Erickson, est r\u00e9put\u00e9e pour son action sur les phobies, les d\u00e9pendances ( addiction au tabac, d\u00e9pendance \u00e0 la nourriture, &#8230;) et&hellip;<\/p>\n","protected":false},"author":1,"featured_media":0,"parent":0,"menu_order":0,"comment_status":"closed","ping_status":"closed","template":"","meta":[],"brizy_attachment_focal_point":"","_links":{"self":[{"href":"http:\/\/psychologue-formateur.com\/index.php\/wp-json\/wp\/v2\/pages\/258"}],"collection":[{"href":"http:\/\/psychologue-formateur.com\/index.php\/wp-json\/wp\/v2\/pages"}],"about":[{"href":"http:\/\/psychologue-formateur.com\/index.php\/wp-json\/wp\/v2\/types\/page"}],"author":[{"embeddable":true,"href":"http:\/\/psychologue-formateur.com\/index.php\/wp-json\/wp\/v2\/users\/1"}],"replies":[{"embeddable":true,"href":"http:\/\/psychologue-formateur.com\/index.php\/wp-json\/wp\/v2\/comments?post=258"}],"version-history":[{"count":5,"href":"http:\/\/psychologue-formateur.com\/index.php\/wp-json\/wp\/v2\/pages\/258\/revisions"}],"predecessor-version":[{"id":834,"href":"http:\/\/psychologue-formateur.com\/index.php\/wp-json\/wp\/v2\/pages\/258\/revisions\/834"}],"wp:attachment":[{"href":"http:\/\/psychologue-formateur.com\/index.php\/wp-json\/wp\/v2\/media?parent=258"}],"curies":[{"name":"wp","href":"https:\/\/api.w.org\/{rel}","templated":true}]}}