{"id":38,"date":"2017-06-21T13:16:14","date_gmt":"2017-06-21T11:16:14","guid":{"rendered":"http:\/\/psychologue-formateur.com\/sitepsychologue\/?page_id=38"},"modified":"2018-10-03T13:16:36","modified_gmt":"2018-10-03T11:16:36","slug":"ajouter-un-commentaire","status":"publish","type":"page","link":"http:\/\/psychologue-formateur.com\/index.php\/ajouter-un-commentaire\/","title":{"rendered":"Qui suis je ?"},"content":{"rendered":"<section class=\"fw-main-row  \">\r\n\t<span class=\"bg-image-overlay\" style=\"\"><\/span>\r\n\t<div class=\"fw-container unyson_content\">\r\n\t\t\t\t<div class=\"fw-row\">\n\t<div class=\"fw-col-xs-12 \">\r\n\t\r\n\r\n\t<div class=\"fw-divider-space space-30x\"><\/div>\r\n<\/div>\r\n<\/div>\n\n<div class=\"fw-row\">\n\t<div class=\"fw-col-xs-12 \">\r\n\t<img src=\"http:\/\/psychologue-formateur.com\/wp-content\/uploads\/2017\/06\/102-1-e1501685964797-500x174.png\" alt=\"http:\/\/psychologue-formateur.com\/wp-content\/uploads\/2017\/06\/102-1-e1501685964797-500x174.png\" width=\"500\" height=\"174\" \/><\/div>\r\n<\/div>\n\n<div class=\"fw-row\">\n\t<div class=\"fw-col-xs-12 \">\r\n\t\r\n\r\n\t<div class=\"fw-divider-space space-30x\"><\/div>\r\n<\/div>\r\n<\/div>\n\n<div class=\"fw-row\">\n\t<div class=\"fw-col-xs-12 fw-col-sm-4 \">\r\n\t<\/div>\r\n<div class=\"fw-col-xs-12 fw-col-sm-4 \">\r\n\t<h3 style=\"text-align: center;\">Elia Billoud Psychologue et Psychoth\u00e9rapeute<\/h3><h5 style=\"text-align: center;\">J'ai un master en psychologie avec une sp\u00e9cialisation dans les psychoth\u00e9rapies dont la prise en soin du trauma.<\/h5><h5 style=\"text-align: center;\">De part ma formation, j'interviens \u00e9galement dans la compr\u00e9hension et l'analyse sur le plan environnemental et cognitif de la personne \u00e2g\u00e9e.<\/h5><\/div>\r\n<div class=\"fw-col-xs-12 fw-col-sm-4 \">\r\n\t<\/div>\r\n<\/div>\n\n<div class=\"fw-row\">\n\t<div class=\"fw-col-xs-12 \">\r\n\t\r\n\r\n\t<div class=\"fw-divider-space space-30x\"><\/div>\r\n<\/div>\r\n<\/div>\n\n<div class=\"fw-row\">\n\t<div class=\"fw-col-xs-12 \">\r\n\t<h2 style=\"text-align: center;\">Pourquoi une psychoth\u00e9rapie ?<\/h2><\/div>\r\n<\/div>\n\n<div class=\"fw-row\">\n\t<div class=\"fw-col-xs-12 \">\r\n\t\r\n\r\n\t<div class=\"fw-divider-space space-30x\"><\/div>\r\n<\/div>\r\n<\/div>\n\n<div class=\"fw-row\">\n\t<div class=\"fw-col-xs-12 fw-col-sm-3 \">\r\n\t<img src=\"http:\/\/psychologue-formateur.com\/wp-content\/uploads\/2017\/06\/brain-2146168_1920-1-300x200.jpg\" alt=\"http:\/\/psychologue-formateur.com\/wp-content\/uploads\/2017\/06\/brain-2146168_1920-1-300x200.jpg\" width=\"300\" height=\"200\" \/><\/div>\r\n<div class=\"fw-col-xs-12 fw-col-sm-3 \">\r\n\t<h5 style=\"text-align: center;\">Tout simplement parce qu'\u00e0 un moment de la vie, les \u00e9motions et les pens\u00e9es sont en conflit.<\/h5><\/div>\r\n<div class=\"fw-col-xs-12 fw-col-sm-3 \">\r\n\t<img src=\"http:\/\/psychologue-formateur.com\/wp-content\/uploads\/2017\/06\/brain-2146157_1920-1-300x200.jpg\" alt=\"http:\/\/psychologue-formateur.com\/wp-content\/uploads\/2017\/06\/brain-2146157_1920-1-300x200.jpg\" width=\"300\" height=\"200\" \/><\/div>\r\n<div class=\"fw-col-xs-12 fw-col-sm-3 \">\r\n\t<h5 style=\"text-align: center;\">La psychoth\u00e9rapie vient aider \u00e0 harmoniser en redonnant de la flexibilit\u00e9 mentale. \u00a0Avec l'aide de proc\u00e9d\u00e9s naturels qui r\u00e9pondent \u00e0 un cahier des charges scientifique, j'interviens progressivement sur la probl\u00e9matique de votre choix.<\/h5><span style=\"display: block; text-align: center\"><a href=\"http:\/\/psychologue-formateur.com\/index.php\/services\/\" target=\"_self\" class=\"fw-btn fw-btn-1 fw-btn-violet\">\r\n\t<span>Plus d'informations<\/span>\r\n<\/a>\r\n<\/span><\/div>\r\n<\/div>\n\n<div class=\"fw-row\">\n\t<div class=\"fw-col-xs-12 \">\r\n\t\r\n\r\n\t<div class=\"fw-divider-space space-30x\"><\/div>\r\n<\/div>\r\n<\/div>\n\n<div class=\"fw-row\">\n\t<div class=\"fw-col-xs-12 \">\r\n\t\r\n\r\n\t<div class=\"fw-divider-space space-30x\"><\/div>\r\n<\/div>\r\n<\/div>\n\n<div class=\"fw-row\">\n\t<div class=\"fw-col-xs-12 fw-col-sm-4 \">\r\n\t<\/div>\r\n<div class=\"fw-col-xs-12 fw-col-sm-4 \">\r\n\t<img src=\"http:\/\/psychologue-formateur.com\/wp-content\/uploads\/2018\/10\/MG_5279-e1538565108486-600x1000.jpg\" alt=\"http:\/\/psychologue-formateur.com\/wp-content\/uploads\/2018\/10\/MG_5279-e1538565108486-600x1000.jpg\" width=\"600\" height=\"1000\" \/><\/div>\r\n<div class=\"fw-col-xs-12 fw-col-sm-4 \">\r\n\t<\/div>\r\n<\/div>\n\n<div class=\"fw-row\">\n\t<div class=\"fw-col-xs-12 \">\r\n\t\r\n\r\n\t<div class=\"fw-divider-space space-30x\"><\/div>\r\n<\/div>\r\n<\/div>\n\n\t\t\t<\/div>\r\n<\/section>\r\n\n","protected":false},"excerpt":{"rendered":"<p>Elia Billoud Psychologue et Psychoth\u00e9rapeuteJ&rsquo;ai un master en psychologie avec une sp\u00e9cialisation dans les psychoth\u00e9rapies dont la prise en soin du trauma.De part ma formation, j&rsquo;interviens \u00e9galement dans la compr\u00e9hension et l&rsquo;analyse sur le plan environnemental et cognitif de la personne \u00e2g\u00e9e.&nbsp; Pourquoi une psychoth\u00e9rapie ? Tout simplement parce qu&rsquo;\u00e0 un moment de la vie,&hellip;<\/p>\n","protected":false},"author":1,"featured_media":0,"parent":0,"menu_order":0,"comment_status":"closed","ping_status":"closed","template":"","meta":[],"brizy_attachment_focal_point":"","_links":{"self":[{"href":"http:\/\/psychologue-formateur.com\/index.php\/wp-json\/wp\/v2\/pages\/38"}],"collection":[{"href":"http:\/\/psychologue-formateur.com\/index.php\/wp-json\/wp\/v2\/pages"}],"about":[{"href":"http:\/\/psychologue-formateur.com\/index.php\/wp-json\/wp\/v2\/types\/page"}],"author":[{"embeddable":true,"href":"http:\/\/psychologue-formateur.com\/index.php\/wp-json\/wp\/v2\/users\/1"}],"replies":[{"embeddable":true,"href":"http:\/\/psychologue-formateur.com\/index.php\/wp-json\/wp\/v2\/comments?post=38"}],"version-history":[{"count":16,"href":"http:\/\/psychologue-formateur.com\/index.php\/wp-json\/wp\/v2\/pages\/38\/revisions"}],"predecessor-version":[{"id":984,"href":"http:\/\/psychologue-formateur.com\/index.php\/wp-json\/wp\/v2\/pages\/38\/revisions\/984"}],"wp:attachment":[{"href":"http:\/\/psychologue-formateur.com\/index.php\/wp-json\/wp\/v2\/media?parent=38"}],"curies":[{"name":"wp","href":"https:\/\/api.w.org\/{rel}","templated":true}]}}