{"id":433,"date":"2017-07-04T11:03:07","date_gmt":"2017-07-04T09:03:07","guid":{"rendered":"http:\/\/psychologue-formateur.com\/sitepsychologue\/?page_id=433"},"modified":"2018-04-23T13:41:08","modified_gmt":"2018-04-23T11:41:08","slug":"les-therapies-comportementales-et-cognitives","status":"publish","type":"page","link":"http:\/\/psychologue-formateur.com\/index.php\/les-therapies-comportementales-et-cognitives\/","title":{"rendered":"Les th\u00e9rapies Comportementales et Cognitives"},"content":{"rendered":"<section class=\"fw-main-row  \">\r\n\t<span class=\"bg-image-overlay\" style=\"\"><\/span>\r\n\t<div class=\"fw-container unyson_content\">\r\n\t\t\t\t<div class=\"fw-row\">\n\t<div class=\"fw-col-xs-12 \">\r\n\t<p><link href=\"http:\/\/fonts.googleapis.com\/css?family=Roboto:700%7COpen+Sans:400\" rel=\"stylesheet\" property=\"stylesheet\" type=\"text\/css\" media=\"all\"\/>\n<div id=\"rev_slider_26_1_wrapper\" class=\"rev_slider_wrapper fullscreen-container\" data-source=\"gallery\" style=\"background:transparent;padding:0px;\">\n<!-- START REVOLUTION SLIDER 5.4.8.3 fullscreen mode -->\n\t<div id=\"rev_slider_26_1\" class=\"rev_slider fullscreenbanner\" style=\"display:none;\" data-version=\"5.4.8.3\">\n<ul>\t<!-- SLIDE  -->\n\t<li data-index=\"rs-109\" data-transition=\"slideoverup\" data-slotamount=\"7\" data-hideafterloop=\"0\" data-hideslideonmobile=\"off\"  data-easein=\"default\" data-easeout=\"default\" data-masterspeed=\"1000\"  data-delay=\"9020\"  data-rotate=\"0\"  data-saveperformance=\"off\"  data-title=\"tcc\" data-param1=\"\" data-param2=\"\" data-param3=\"\" data-param4=\"\" data-param5=\"\" data-param6=\"\" data-param7=\"\" data-param8=\"\" data-param9=\"\" data-param10=\"\" data-description=\"\">\n\t\t<!-- MAIN IMAGE -->\n\t\t<img src=\"http:\/\/psychologue-formateur.com\/wp-content\/uploads\/2017\/07\/newspaper_bg1.jpg\"  alt=\"\" title=\"newspaper_bg1\"  width=\"1920\" height=\"1280\" data-bgposition=\"left center\" data-kenburns=\"on\" data-duration=\"30000\" data-ease=\"Power1.easeOut\" data-scalestart=\"110\" data-scaleend=\"100\" data-rotatestart=\"0\" data-rotateend=\"0\" data-blurstart=\"0\" data-blurend=\"0\" data-offsetstart=\"0 0\" data-offsetend=\"0 0\" class=\"rev-slidebg\" data-no-retina\/>\n\t\t<!-- LAYERS -->\n\n\t\t<!-- LAYER NR. 1 -->\n\t\t<div class=\"tp-caption Restaurant-Display   tp-resizeme\" \n\t\t\t id=\"slide-109-layer-1\" \n\t\t\t data-x=\"['left','left','center','center']\" data-hoffset=\"['23','23','-86','12']\" \n\t\t\t data-y=\"['top','top','top','top']\" data-voffset=\"['32','32','116','102']\" \n\t\t\t\t\t\tdata-fontsize=\"['60','60','40','40']\"\n\t\t\tdata-lineheight=\"['60','60','40','40']\"\n\t\t\tdata-width=\"['848','848','578','484']\"\n\t\t\tdata-height=\"none\"\n\t\t\tdata-whitespace=\"normal\"\n \n\t\t\tdata-type=\"text\" \n\t\t\tdata-responsive_offset=\"on\" \n\n\t\t\tdata-frames='[{\"delay\":699.99969482422,\"speed\":1990,\"frame\":\"0\",\"from\":\"y:[100%];z:0;rX:0deg;rY:0;rZ:0;sX:1;sY:1;skX:0;skY:0;\",\"mask\":\"x:0px;y:0px;s:inherit;e:inherit;\",\"to\":\"o:1;\",\"ease\":\"Power3.easeOut\"},{\"delay\":\"wait\",\"speed\":980,\"frame\":\"999\",\"to\":\"opacity:0;\",\"ease\":\"nothing\"}]'\n\t\t\tdata-textAlign=\"['left','left','left','left']\"\n\t\t\tdata-paddingtop=\"[0,0,0,0]\"\n\t\t\tdata-paddingright=\"[0,0,0,0]\"\n\t\t\tdata-paddingbottom=\"[0,0,0,0]\"\n\t\t\tdata-paddingleft=\"[0,0,0,0]\"\n\n\t\t\tstyle=\"z-index: 5; min-width: 848px; max-width: 848px; white-space: normal; font-size: 60px; line-height: 60px; color: #000000; letter-spacing: px;\">Les th\u00e9rapies Comportementales et Cognitives <\/div>\n\n\t\t<!-- LAYER NR. 2 -->\n\t\t<div class=\"tp-caption tp-shape tp-shapewrapper  tp-resizeme\" \n\t\t\t id=\"slide-109-layer-11\" \n\t\t\t data-x=\"['left','left','left','left']\" data-hoffset=\"['14','0','30','14']\" \n\t\t\t data-y=\"['top','top','top','top']\" data-voffset=\"['281','281','300','267']\" \n\t\t\t\t\t\tdata-width=\"['1035','1035','647','441']\"\n\t\t\tdata-height=\"['178','178','282','397']\"\n\t\t\tdata-whitespace=\"normal\"\n \n\t\t\tdata-type=\"shape\" \n\t\t\tdata-responsive_offset=\"on\" \n\n\t\t\tdata-frames='[{\"delay\":879.99969482422,\"speed\":9990,\"frame\":\"0\",\"from\":\"y:[-100%];z:0;rX:0deg;rY:0;rZ:0;sX:1;sY:1;skX:0;skY:0;\",\"mask\":\"x:0px;y:0px;s:inherit;e:inherit;\",\"to\":\"o:1;\",\"ease\":\"Power3.easeInOut\"},{\"delay\":\"+-1870\",\"speed\":430,\"frame\":\"999\",\"to\":\"opacity:0;\",\"ease\":\"Power3.easeInOut\"}]'\n\t\t\tdata-textAlign=\"['inherit','inherit','inherit','inherit']\"\n\t\t\tdata-paddingtop=\"[0,0,0,0]\"\n\t\t\tdata-paddingright=\"[0,0,0,0]\"\n\t\t\tdata-paddingbottom=\"[0,0,0,0]\"\n\t\t\tdata-paddingleft=\"[0,0,0,0]\"\n\n\t\t\tstyle=\"z-index: 6;background-color:rgba(0,0,0,0.5);border-radius:25px 25px 25px 25px;\"> <\/div>\n\n\t\t<!-- LAYER NR. 3 -->\n\t\t<div class=\"tp-caption   tp-resizeme\" \n\t\t\t id=\"slide-109-layer-10\" \n\t\t\t data-x=\"['left','left','left','left']\" data-hoffset=\"['78','62','53','34']\" \n\t\t\t data-y=\"['top','top','top','top']\" data-voffset=\"['311','316','354','326']\" \n\t\t\t\t\t\tdata-width=\"['922','922','610','402']\"\n\t\t\tdata-height=\"['none','none','241','384']\"\n\t\t\tdata-whitespace=\"normal\"\n \n\t\t\tdata-type=\"text\" \n\t\t\tdata-responsive_offset=\"on\" \n\n\t\t\tdata-frames='[{\"delay\":3470.0003051758,\"split\":\"chars\",\"splitdelay\":0.1,\"speed\":690,\"split_direction\":\"forward\",\"frame\":\"0\",\"from\":\"opacity:0;\",\"to\":\"o:1;\",\"ease\":\"Power3.easeInOut\"},{\"delay\":\"+-21560.000610352\",\"speed\":300,\"frame\":\"999\",\"to\":\"opacity:0;\",\"ease\":\"Power3.easeInOut\"}]'\n\t\t\tdata-textAlign=\"['inherit','inherit','inherit','inherit']\"\n\t\t\tdata-paddingtop=\"[0,0,0,0]\"\n\t\t\tdata-paddingright=\"[0,0,0,0]\"\n\t\t\tdata-paddingbottom=\"[0,0,0,0]\"\n\t\t\tdata-paddingleft=\"[0,0,0,0]\"\n\n\t\t\tstyle=\"z-index: 7; min-width: 922px; max-width: 922px; white-space: normal; font-size: 20px; line-height: 22px; font-weight: 400; color: #ffffff; letter-spacing: 5px;font-family:Open Sans;\">Les Th\u00e9rapies Comportementales et Cognitives  s\u2019appuient en partie sur des recherches issues de la psychologie positive. Elles s\u2019int\u00e9ressent \u00e0 la situation que l\u2019on ne peut pas ma\u00eetriser. Afin de permettre \u00e0 la personne non pas de se r\u00e9signer mais de changer son rapport avec cette situation, sans avoir \u00e0 l\u2019\u00e9viter. <\/div>\n\t<\/li>\n<\/ul>\n<div class=\"tp-bannertimer tp-bottom\" style=\"visibility: hidden !important;\"><\/div>\t<\/div>\n<script>var htmlDiv = document.getElementById(\"rs-plugin-settings-inline-css\"); var htmlDivCss=\".tp-caption.Restaurant-Display,.Restaurant-Display{color:#ffffff;font-size:120px;line-height:120px;font-weight:700;font-style:normal;font-family:Roboto;text-decoration:none;background-color:transparent;border-color:transparent;border-style:none;border-width:0px;border-radius:0 0 0 0px}\";\r\n\t\t\t\tif(htmlDiv) {\r\n\t\t\t\t\thtmlDiv.innerHTML = htmlDiv.innerHTML + htmlDivCss;\r\n\t\t\t\t}else{\r\n\t\t\t\t\tvar htmlDiv = document.createElement(\"div\");\r\n\t\t\t\t\thtmlDiv.innerHTML = \"<style>\" + htmlDivCss + \"<\/style>\";\r\n\t\t\t\t\tdocument.getElementsByTagName(\"head\")[0].appendChild(htmlDiv.childNodes[0]);\r\n\t\t\t\t}\r\n\t\t\t<\/script>\n\t\t<script type=\"text\/javascript\">\r\nif (setREVStartSize!==undefined) setREVStartSize(\r\n\t{c: '#rev_slider_26_1', responsiveLevels: [1240,1024,778,480], gridwidth: [1240,1024,778,480], gridheight: [868,768,960,720], sliderLayout: 'fullscreen', fullScreenAutoWidth:'off', fullScreenAlignForce:'off', fullScreenOffsetContainer:'', fullScreenOffset:''});\r\n\t\t\t\r\nvar revapi26,\r\n\ttpj;\t\r\n(function() {\t\t\t\r\n\tif (!\/loaded|interactive|complete\/.test(document.readyState)) document.addEventListener(\"DOMContentLoaded\",onLoad); else onLoad();\t\r\n\tfunction onLoad() {\t\t\t\t\r\n\t\tif (tpj===undefined) { tpj = jQuery; if(\"off\" == \"on\") tpj.noConflict();}\r\n\tif(tpj(\"#rev_slider_26_1\").revolution == undefined){\n\t\trevslider_showDoubleJqueryError(\"#rev_slider_26_1\");\n\t}else{\n\t\trevapi26 = tpj(\"#rev_slider_26_1\").show().revolution({\n\t\t\tsliderType:\"standard\",\n\t\t\tjsFileLocation:\"\/\/psychologue-formateur.com\/wp-content\/plugins\/revslider\/public\/assets\/js\/\",\n\t\t\tsliderLayout:\"fullscreen\",\n\t\t\tdottedOverlay:\"none\",\n\t\t\tdelay:9000,\n\t\t\tnavigation: {\n\t\t\t\tonHoverStop:\"off\",\n\t\t\t},\n\t\t\tresponsiveLevels:[1240,1024,778,480],\n\t\t\tvisibilityLevels:[1240,1024,778,480],\n\t\t\tgridwidth:[1240,1024,778,480],\n\t\t\tgridheight:[868,768,960,720],\n\t\t\tlazyType:\"none\",\n\t\t\tshadow:0,\n\t\t\tspinner:\"spinner0\",\n\t\t\tstopLoop:\"off\",\n\t\t\tstopAfterLoops:-1,\n\t\t\tstopAtSlide:-1,\n\t\t\tshuffle:\"off\",\n\t\t\tautoHeight:\"off\",\n\t\t\tfullScreenAutoWidth:\"off\",\n\t\t\tfullScreenAlignForce:\"off\",\n\t\t\tfullScreenOffsetContainer: \"\",\n\t\t\tfullScreenOffset: \"\",\n\t\t\tdisableProgressBar:\"on\",\n\t\t\thideThumbsOnMobile:\"off\",\n\t\t\thideSliderAtLimit:0,\n\t\t\thideCaptionAtLimit:0,\n\t\t\thideAllCaptionAtLilmit:0,\n\t\t\tdebugMode:false,\n\t\t\tfallbacks: {\n\t\t\t\tsimplifyAll:\"off\",\n\t\t\t\tnextSlideOnWindowFocus:\"off\",\n\t\t\t\tdisableFocusListener:false,\n\t\t\t}\n\t\t});\n\t}; \/* END OF revapi call *\/\n\t\n }; \/* END OF ON LOAD FUNCTION *\/\r\n}()); \/* END OF WRAPPING FUNCTION *\/\r\n<\/script>\r\n\t\t<\/div><!-- END REVOLUTION SLIDER --><\/p><\/div>\r\n<\/div>\n\n\t\t\t<\/div>\r\n<\/section>\r\n\n","protected":false},"excerpt":{"rendered":"<p>Les th\u00e9rapies Comportementales et Cognitives Les Th\u00e9rapies Comportementales et Cognitives s\u2019appuient en partie sur des recherches issues de la psychologie positive. Elles s\u2019int\u00e9ressent \u00e0 la situation que l\u2019on ne peut pas ma\u00eetriser. Afin de permettre \u00e0 la personne non pas de se r\u00e9signer mais de changer son rapport avec cette situation, sans avoir \u00e0 l\u2019\u00e9viter.&hellip;<\/p>\n","protected":false},"author":1,"featured_media":0,"parent":0,"menu_order":0,"comment_status":"closed","ping_status":"closed","template":"","meta":[],"brizy_attachment_focal_point":"","_links":{"self":[{"href":"http:\/\/psychologue-formateur.com\/index.php\/wp-json\/wp\/v2\/pages\/433"}],"collection":[{"href":"http:\/\/psychologue-formateur.com\/index.php\/wp-json\/wp\/v2\/pages"}],"about":[{"href":"http:\/\/psychologue-formateur.com\/index.php\/wp-json\/wp\/v2\/types\/page"}],"author":[{"embeddable":true,"href":"http:\/\/psychologue-formateur.com\/index.php\/wp-json\/wp\/v2\/users\/1"}],"replies":[{"embeddable":true,"href":"http:\/\/psychologue-formateur.com\/index.php\/wp-json\/wp\/v2\/comments?post=433"}],"version-history":[{"count":3,"href":"http:\/\/psychologue-formateur.com\/index.php\/wp-json\/wp\/v2\/pages\/433\/revisions"}],"predecessor-version":[{"id":838,"href":"http:\/\/psychologue-formateur.com\/index.php\/wp-json\/wp\/v2\/pages\/433\/revisions\/838"}],"wp:attachment":[{"href":"http:\/\/psychologue-formateur.com\/index.php\/wp-json\/wp\/v2\/media?parent=433"}],"curies":[{"name":"wp","href":"https:\/\/api.w.org\/{rel}","templated":true}]}}