{"id":260,"date":"2017-07-03T14:52:31","date_gmt":"2017-07-03T12:52:31","guid":{"rendered":"http:\/\/psychologue-formateur.com\/sitepsychologue\/?page_id=260"},"modified":"2018-04-23T13:42:22","modified_gmt":"2018-04-23T11:42:22","slug":"mindfulness","status":"publish","type":"page","link":"https:\/\/psychologue-formateur.com\/index.php\/mindfulness\/","title":{"rendered":"Mindfulness"},"content":{"rendered":"<section class=\"fw-main-row  \">\r\n\t<span class=\"bg-image-overlay\" style=\"\"><\/span>\r\n\t<div class=\"fw-container unyson_content\">\r\n\t\t\t\t<div class=\"fw-row\">\n\t<div class=\"fw-col-xs-12 \">\r\n\t<p><link href=\"https:\/\/fonts.googleapis.com\/css?family=Roboto+Slab:400\" rel=\"stylesheet\" property=\"stylesheet\" type=\"text\/css\" media=\"all\"\/>\n<div id=\"rev_slider_25_1_wrapper\" class=\"rev_slider_wrapper fullscreen-container\" data-source=\"gallery\" style=\"background:transparent;padding:0px;\">\n<!-- START REVOLUTION SLIDER 5.4.8.3 fullscreen mode -->\n\t<div id=\"rev_slider_25_1\" class=\"rev_slider fullscreenbanner\" style=\"display:none;\" data-version=\"5.4.8.3\">\n<ul>\t<!-- SLIDE  -->\n\t<li data-index=\"rs-107\" data-transition=\"slideoververtical\" data-slotamount=\"7\" data-hideafterloop=\"0\" data-hideslideonmobile=\"off\"  data-easein=\"default\" data-easeout=\"default\" data-masterspeed=\"1000\"  data-rotate=\"0\"  data-saveperformance=\"off\"  data-title=\"mindfulness\" data-param1=\"\" data-param2=\"\" data-param3=\"\" data-param4=\"\" data-param5=\"\" data-param6=\"\" data-param7=\"\" data-param8=\"\" data-param9=\"\" data-param10=\"\" data-description=\"\">\n\t\t<!-- MAIN IMAGE -->\n\t\t<img src=\"https:\/\/psychologue-formateur.com\/wp-content\/uploads\/2017\/07\/somethingmoremp4.jpg\"  alt=\"\" title=\"somethingmoremp4\"  width=\"1280\" height=\"720\" data-bgposition=\"center center\" data-bgfit=\"cover\" class=\"rev-slidebg\" data-no-retina\/>\n\t\t<!-- LAYERS -->\n\n\t\t<!-- BACKGROUND VIDEO LAYER -->\n\t\t<div class=\"rs-background-video-layer\" \n\t\t\tdata-volume=\"mute\" \n\t\t\tdata-videowidth=\"100%\" \n\t\t\tdata-videoheight=\"100%\" \n\t\t\tdata-videomp4=\"http:\/\/psychologue-formateur.com\/wp-content\/uploads\/2017\/08\/somethingmoremp4.mp4\" \n\t\t\tdata-videopreload=\"auto\" \n\t\t\tdata-videoloop=\"none\" \n\t\t\tdata-forceCover=\"1\" \n\t\t\tdata-aspectratio=\"16:9\" \n\t\t\tdata-autoplay=\"true\" \n\t\t\tdata-autoplayonlyfirsttime=\"false\"><\/div>\n\t\t<!-- LAYER NR. 1 -->\n\t\t<div class=\"tp-caption tp-shape tp-shapewrapper  tp-resizeme\" \n\t\t\t id=\"slide-107-layer-15\" \n\t\t\t data-x=\"['left','left','left','left']\" data-hoffset=\"['77','77','77','7']\" \n\t\t\t data-y=\"['top','top','top','top']\" data-voffset=\"['48','48','48','13']\" \n\t\t\t\t\t\tdata-width=\"['449','449','449','465']\"\n\t\t\tdata-height=\"['126','126','126','127']\"\n\t\t\tdata-whitespace=\"nowrap\"\n \n\t\t\tdata-type=\"shape\" \n\t\t\tdata-responsive_offset=\"on\" \n\n\t\t\tdata-frames='[{\"delay\":2450.0003051758,\"speed\":3010,\"frame\":\"0\",\"from\":\"x:-200px;skX:85px;opacity:0;\",\"to\":\"o:1;\",\"ease\":\"Power3.easeInOut\"},{\"delay\":\"wait\",\"speed\":300,\"frame\":\"999\",\"to\":\"opacity:0;\",\"ease\":\"Power3.easeInOut\"}]'\n\t\t\tdata-textAlign=\"['inherit','inherit','inherit','inherit']\"\n\t\t\tdata-paddingtop=\"[0,0,0,0]\"\n\t\t\tdata-paddingright=\"[0,0,0,0]\"\n\t\t\tdata-paddingbottom=\"[0,0,0,0]\"\n\t\t\tdata-paddingleft=\"[0,0,0,0]\"\n\n\t\t\tstyle=\"z-index: 5;background-color:rgba(0,0,0,0.5);border-radius:50px 50px 50px 50px;\"> <\/div>\n\n\t\t<!-- LAYER NR. 2 -->\n\t\t<div class=\"tp-caption News-Title   tp-resizeme\" \n\t\t\t id=\"slide-107-layer-9\" \n\t\t\t data-x=\"['left','left','left','left']\" data-hoffset=\"['89','89','89','34']\" \n\t\t\t data-y=\"['top','top','top','top']\" data-voffset=\"['73','73','73','44']\" \n\t\t\t\t\t\tdata-width=\"none\"\n\t\t\tdata-height=\"none\"\n\t\t\tdata-whitespace=\"nowrap\"\n \n\t\t\tdata-type=\"text\" \n\t\t\tdata-responsive_offset=\"on\" \n\n\t\t\tdata-frames='[{\"delay\":10,\"split\":\"chars\",\"splitdelay\":0.1,\"speed\":8620,\"split_direction\":\"forward\",\"frame\":\"0\",\"from\":\"opacity:0;\",\"to\":\"o:1;\",\"ease\":\"Power3.easeInOut\"},{\"delay\":\"wait\",\"speed\":300,\"frame\":\"999\",\"to\":\"opacity:0;\",\"ease\":\"Power3.easeInOut\"}]'\n\t\t\tdata-textAlign=\"['inherit','inherit','inherit','inherit']\"\n\t\t\tdata-paddingtop=\"[0,0,0,0]\"\n\t\t\tdata-paddingright=\"[0,0,0,0]\"\n\t\t\tdata-paddingbottom=\"[0,0,0,0]\"\n\t\t\tdata-paddingleft=\"[0,0,0,0]\"\n\n\t\t\tstyle=\"z-index: 6; white-space: nowrap; color: #ffffff; letter-spacing: 0px;\">Minduflness\n <\/div>\n\n\t\t<!-- LAYER NR. 3 -->\n\t\t<div class=\"tp-caption Newspaper-Title-Centered   tp-resizeme\" \n\t\t\t id=\"slide-107-layer-11\" \n\t\t\t data-x=\"['left','left','left','left']\" data-hoffset=\"['162','40','10','16']\" \n\t\t\t data-y=\"['top','top','top','top']\" data-voffset=\"['269','191','196','153']\" \n\t\t\t\t\t\tdata-fontsize=\"['25','25','20','15']\"\n\t\t\tdata-letterspacing=\"['5','5','5','0']\"\n\t\t\tdata-width=\"['897','897','762','449']\"\n\t\t\tdata-height=\"none\"\n\t\t\tdata-whitespace=\"normal\"\n \n\t\t\tdata-type=\"text\" \n\t\t\tdata-responsive_offset=\"on\" \n\n\t\t\tdata-frames='[{\"delay\":2320.0003051758,\"split\":\"chars\",\"splitdelay\":0.1,\"speed\":1460,\"split_direction\":\"forward\",\"frame\":\"0\",\"from\":\"z:0;rX:0;rY:0;rZ:0;sX:0.9;sY:0.9;skX:0;skY:0;opacity:0;\",\"to\":\"o:1;\",\"ease\":\"Power3.easeInOut\"},{\"delay\":\"wait\",\"speed\":9960,\"frame\":\"999\",\"to\":\"opacity:0;\",\"ease\":\"Power3.easeInOut\"}]'\n\t\t\tdata-textAlign=\"['center','center','center','center']\"\n\t\t\tdata-paddingtop=\"[0,0,0,0]\"\n\t\t\tdata-paddingright=\"[0,0,0,0]\"\n\t\t\tdata-paddingbottom=\"[10,10,10,10]\"\n\t\t\tdata-paddingleft=\"[0,0,0,0]\"\n\n\t\t\tstyle=\"z-index: 7; min-width: 897px; max-width: 897px; white-space: normal; font-size: 25px; color: #ffffff; letter-spacing: 5px;\">La m\u00e9ditation en pleine conscience permet d\u2019\u00e9couter son corps et ses \u00e9motions, cela d\u00e9signe les m\u00e9canismes de la conscience de ses propres pens\u00e9es, actions et sensations \u00e0 l\u2019\u00e9tat pr\u00e9sent.\n\nPlusieurs pratiques sont possibles autour de diff\u00e9rents th\u00e8mes comme la marche en pleine conscience, le bodyscan, le mouvement respiratoire\u2026\nComme toutes les autres techniques, elle a fait ses preuves sur le plan scientifique notamment dans le domaine des maladies li\u00e9es au monde professionnel.  <\/div>\n\t<\/li>\n<\/ul>\n<div class=\"tp-bannertimer tp-bottom\" style=\"visibility: hidden !important;\"><\/div>\t<\/div>\n<script>var htmlDiv = document.getElementById(\"rs-plugin-settings-inline-css\"); var htmlDivCss=\".tp-caption.News-Title,.News-Title{color:rgba(255,255,255,1.00);font-size:70px;line-height:60px;font-weight:400;font-style:normal;font-family:Roboto Slab;text-decoration:none;background-color:transparent;border-color:transparent;border-style:none;border-width:0px;border-radius:0px 0px 0px 0px}.tp-caption.Newspaper-Title-Centered,.Newspaper-Title-Centered{color:rgba(255,255,255,1.00);font-size:50px;line-height:55px;font-weight:400;font-style:normal;font-family:\\\"Roboto Slab\\\";text-decoration:none;background-color:transparent;border-color:transparent;border-style:none;border-width:0px;border-radius:0px 0px 0px 0px}\";\r\n\t\t\t\tif(htmlDiv) {\r\n\t\t\t\t\thtmlDiv.innerHTML = htmlDiv.innerHTML + htmlDivCss;\r\n\t\t\t\t}else{\r\n\t\t\t\t\tvar htmlDiv = document.createElement(\"div\");\r\n\t\t\t\t\thtmlDiv.innerHTML = \"<style>\" + htmlDivCss + \"<\/style>\";\r\n\t\t\t\t\tdocument.getElementsByTagName(\"head\")[0].appendChild(htmlDiv.childNodes[0]);\r\n\t\t\t\t}\r\n\t\t\t<\/script>\n\t\t<script type=\"text\/javascript\">\r\nif (setREVStartSize!==undefined) setREVStartSize(\r\n\t{c: '#rev_slider_25_1', responsiveLevels: [1240,1024,778,480], gridwidth: [1240,1024,778,480], gridheight: [868,768,960,720], sliderLayout: 'fullscreen', fullScreenAutoWidth:'off', fullScreenAlignForce:'off', fullScreenOffsetContainer:'', fullScreenOffset:''});\r\n\t\t\t\r\nvar revapi25,\r\n\ttpj;\t\r\n(function() {\t\t\t\r\n\tif (!\/loaded|interactive|complete\/.test(document.readyState)) document.addEventListener(\"DOMContentLoaded\",onLoad); else onLoad();\t\r\n\tfunction onLoad() {\t\t\t\t\r\n\t\tif (tpj===undefined) { tpj = jQuery; if(\"off\" == \"on\") tpj.noConflict();}\r\n\tif(tpj(\"#rev_slider_25_1\").revolution == undefined){\n\t\trevslider_showDoubleJqueryError(\"#rev_slider_25_1\");\n\t}else{\n\t\trevapi25 = tpj(\"#rev_slider_25_1\").show().revolution({\n\t\t\tsliderType:\"standard\",\n\t\t\tjsFileLocation:\"\/\/psychologue-formateur.com\/wp-content\/plugins\/revslider\/public\/assets\/js\/\",\n\t\t\tsliderLayout:\"fullscreen\",\n\t\t\tdottedOverlay:\"none\",\n\t\t\tdelay:9000,\n\t\t\tnavigation: {\n\t\t\t\tonHoverStop:\"off\",\n\t\t\t},\n\t\t\tresponsiveLevels:[1240,1024,778,480],\n\t\t\tvisibilityLevels:[1240,1024,778,480],\n\t\t\tgridwidth:[1240,1024,778,480],\n\t\t\tgridheight:[868,768,960,720],\n\t\t\tlazyType:\"none\",\n\t\t\tshadow:0,\n\t\t\tspinner:\"spinner0\",\n\t\t\tstopLoop:\"off\",\n\t\t\tstopAfterLoops:-1,\n\t\t\tstopAtSlide:-1,\n\t\t\tshuffle:\"off\",\n\t\t\tautoHeight:\"off\",\n\t\t\tfullScreenAutoWidth:\"off\",\n\t\t\tfullScreenAlignForce:\"off\",\n\t\t\tfullScreenOffsetContainer: \"\",\n\t\t\tfullScreenOffset: \"\",\n\t\t\tdisableProgressBar:\"on\",\n\t\t\thideThumbsOnMobile:\"off\",\n\t\t\thideSliderAtLimit:0,\n\t\t\thideCaptionAtLimit:0,\n\t\t\thideAllCaptionAtLilmit:0,\n\t\t\tdebugMode:false,\n\t\t\tfallbacks: {\n\t\t\t\tsimplifyAll:\"off\",\n\t\t\t\tnextSlideOnWindowFocus:\"off\",\n\t\t\t\tdisableFocusListener:false,\n\t\t\t}\n\t\t});\n\t}; \/* END OF revapi call *\/\n\t\n }; \/* END OF ON LOAD FUNCTION *\/\r\n}()); \/* END OF WRAPPING FUNCTION *\/\r\n<\/script>\r\n\t\t<\/div><!-- END REVOLUTION SLIDER --><\/p><\/div>\r\n<\/div>\n\n\t\t\t<\/div>\r\n<\/section>\r\n\n","protected":false},"excerpt":{"rendered":"<p>Minduflness La m\u00e9ditation en pleine conscience permet d\u2019\u00e9couter son corps et ses \u00e9motions, cela d\u00e9signe les m\u00e9canismes de la conscience de ses propres pens\u00e9es, actions et sensations \u00e0 l\u2019\u00e9tat pr\u00e9sent. Plusieurs pratiques sont possibles autour de diff\u00e9rents th\u00e8mes comme la marche en pleine conscience, le bodyscan, le mouvement respiratoire\u2026 Comme toutes les autres techniques, elle&hellip;<\/p>\n","protected":false},"author":1,"featured_media":0,"parent":0,"menu_order":0,"comment_status":"closed","ping_status":"closed","template":"","meta":[],"brizy_attachment_focal_point":"","_links":{"self":[{"href":"https:\/\/psychologue-formateur.com\/index.php\/wp-json\/wp\/v2\/pages\/260"}],"collection":[{"href":"https:\/\/psychologue-formateur.com\/index.php\/wp-json\/wp\/v2\/pages"}],"about":[{"href":"https:\/\/psychologue-formateur.com\/index.php\/wp-json\/wp\/v2\/types\/page"}],"author":[{"embeddable":true,"href":"https:\/\/psychologue-formateur.com\/index.php\/wp-json\/wp\/v2\/users\/1"}],"replies":[{"embeddable":true,"href":"https:\/\/psychologue-formateur.com\/index.php\/wp-json\/wp\/v2\/comments?post=260"}],"version-history":[{"count":6,"href":"https:\/\/psychologue-formateur.com\/index.php\/wp-json\/wp\/v2\/pages\/260\/revisions"}],"predecessor-version":[{"id":837,"href":"https:\/\/psychologue-formateur.com\/index.php\/wp-json\/wp\/v2\/pages\/260\/revisions\/837"}],"wp:attachment":[{"href":"https:\/\/psychologue-formateur.com\/index.php\/wp-json\/wp\/v2\/media?parent=260"}],"curies":[{"name":"wp","href":"https:\/\/api.w.org\/{rel}","templated":true}]}}